{"id":2186,"date":"2023-05-03T23:11:48","date_gmt":"2023-05-03T13:11:48","guid":{"rendered":"https:\/\/redysure.com\/staging01\/?page_id=2186"},"modified":"2023-05-06T19:46:05","modified_gmt":"2023-05-06T09:46:05","slug":"vietnamese","status":"publish","type":"page","link":"https:\/\/redysure.com\/staging01\/vietnamese\/","title":{"rendered":"Vietnamese"},"content":{"rendered":"<div class=\"fusion-fullwidth fullwidth-box fusion-builder-row-1 nonhundred-percent-fullwidth non-hundred-percent-height-scrolling\" style=\"background-color: #ffffff;background-position: center center;background-repeat: no-repeat;padding-top:0px;padding-right:0px;padding-bottom:0px;padding-left:0px;margin-bottom: 0px;margin-top: 0px;border-width: 0px 0px 0px 0px;border-color:#eae9e9;border-style:solid;\" ><div class=\"fusion-builder-row fusion-row\"><div class=\"fusion-layout-column fusion_builder_column fusion-builder-column-0 fusion_builder_column_1_6 1_6 fusion-one-sixth fusion-column-first\" style=\"width:13.3333%; margin-right: 4%;margin-top:0px;margin-bottom:0px;\"><div class=\"fusion-column-wrapper fusion-flex-column-wrapper-legacy\" style=\"background-position:left top;background-repeat:no-repeat;-webkit-background-size:cover;-moz-background-size:cover;-o-background-size:cover;background-size:cover;padding: 0px 0px 0px 0px;\"><div class=\"fusion-clearfix\"><\/div><\/div><\/div><div class=\"fusion-layout-column fusion_builder_column fusion-builder-column-1 fusion_builder_column_2_3 2_3 fusion-two-third\" style=\"width:65.3333%; margin-right: 4%;margin-top:0px;margin-bottom:0px;\"><div class=\"fusion-column-wrapper fusion-flex-column-wrapper-legacy\" style=\"background-position:left top;background-repeat:no-repeat;-webkit-background-size:cover;-moz-background-size:cover;-o-background-size:cover;background-size:cover;padding: 0px 0px 0px 0px;\"><div class=\"fusion-text fusion-text-1\"><h2>MUA B\u1ea2O HI\u1ec2M L\u00c0 C\u00c1CH T\u1ed0T NH\u1ea4T \u0110\u1ec2 QU\u1ea2N L\u00dd C\u00c1C R\u1ee6I RO<\/h2>\n<\/div><div class=\"fusion-sep-clear\"><\/div><div class=\"fusion-separator fusion-full-width-sep\" style=\"margin-left: auto;margin-right: auto;margin-top:30px;width:100%;\"><\/div><div class=\"fusion-sep-clear\"><\/div><div class=\"fusion-text fusion-text-2\"><div class=\"fusion-text fusion-text-2\"><\/div>\n<h4>CH\u00cdNH S\u00c1CH B\u1ea2O HI\u1ec2M LU\u00d4N T\u1eacP TRUNG V\u00c0O KH\u00c1CH H\u00c0NG<\/h4>\n<p>T\u1ea1i REDYSURE, ch\u00fang t\u00f4i tin r\u1eb1ng b\u1ea3o hi\u1ec3m th\u01b0\u01a1ng m\u1ea1i l\u00e0 \u0111\u01b0\u1eddng cu\u1ed1i c\u00f9ng \u0111\u1ec3 b\u1ea3o v\u1ec7 doanh nghi\u1ec7p v\u00e0 t\u00e0i s\u1ea3n c\u1ee7a b\u1ea1n trong tr\u01b0\u1eddng h\u1ee3p c\u00e1c s\u1ef1 ki\u1ec7n b\u1ea5t h\u1ea1nh x\u1ea3y ra. Ch\u00fang t\u00f4i n\u1ed7 l\u1ef1c \u0111\u1ec3 thi\u1ebft l\u1eadp h\u1ec7 th\u1ed1ng qu\u1ea3n l\u00fd r\u1ee7i ro t\u1ed1t nh\u1ea5t \u0111\u1ec3 b\u1ea3o v\u1ec7 doanh nghi\u1ec7p v\u00e0 t\u00e0i s\u1ea3n c\u1ee7a b\u1ea1n.<\/p>\n<\/div><div class=\"fusion-sep-clear\"><\/div><div class=\"fusion-separator fusion-full-width-sep\" style=\"margin-left: auto;margin-right: auto;margin-top:30px;width:100%;\"><\/div><div class=\"fusion-sep-clear\"><\/div><div class=\"fusion-text fusion-text-4\"><h4>H\u1ed6 TR\u1ee2 KH\u00c1CH H\u00c0NG HI\u1ec2U T\u01af\u1edcNG T\u1eacN C\u00c1C R\u1ee6I RO TI\u1ec0M \u1ea8N<\/h4>\n<p>S\u1ee9 m\u1ec7nh c\u1ee7a ch\u00fang t\u00f4i l\u00e0 gi\u00fap b\u1ea3o v\u1ec7 doanh nghi\u1ec7p v\u00e0 t\u00e0i s\u1ea3n c\u1ee7a b\u1ea1n kh\u1ecfi nh\u1eefng thi\u1ec7t h\u1ea1i v\u00e0 c\u00e1c gi\u00e1n \u0111o\u1ea1n c\u00f3 th\u1ec3 g\u00e2y \u1ea3nh h\u01b0\u1edfng \u0111\u1ebfn b\u1ea1n. Ch\u00fang t\u00f4i mu\u1ed1n gi\u00fap kh\u00e1ch h\u00e0ng hi\u1ec3u \u0111\u01b0\u1ee3c t\u00ecnh tr\u1ea1ng r\u1ee7i ro c\u1ee7a m\u00ecnh thay v\u00ec ch\u1ec9 l\u00e0 m\u1ed9t nh\u00e0 m\u00f4i gi\u1edbi b\u00e1n s\u1ea3n ph\u1ea9m b\u1ea3o hi\u1ec3m. \u01afu ti\u00ean c\u1ee7a ch\u00fang t\u00f4i l\u00e0 \u0111\u01b0\u1ee3c h\u00e0nh \u0111\u1ed9ng nh\u01b0 m\u1ed9t chuy\u00ean vi\u00ean qu\u1ea3n l\u00fd r\u1ee7i ro c\u1ee7a b\u1ea1n.<\/p>\n<p><audio style=\"display: none;\" controls=\"controls\"><\/audio><\/p>\n<p><audio style=\"display: none;\" controls=\"controls\"><\/audio><\/p>\n<p><audio style=\"display: none;\" controls=\"controls\"><\/audio><\/p>\n<p><audio style=\"display: none;\" controls=\"controls\"><\/audio><\/p>\n<\/div><div class=\"fusion-sep-clear\"><\/div><div class=\"fusion-separator fusion-full-width-sep\" style=\"margin-left: auto;margin-right: auto;margin-top:30px;width:100%;\"><\/div><div class=\"fusion-sep-clear\"><\/div><div class=\"fusion-text fusion-text-5\"><h4>C\u00c1C GI\u1ea2I PH\u00c1P B\u1ea2O HI\u1ec2M T\u00d9Y CH\u1ec8NH LINH HO\u1ea0T<\/h4>\n<p>Th\u00f4ng qua s\u1ef1 h\u1ee3p t\u00e1c ch\u1eb7t ch\u1ebd v\u1edbi b\u1ea1n, ch\u00fang t\u00f4i s\u1ebd hi\u1ec3u r\u00f5 h\u01a1n v\u1ec1 nh\u1eefng r\u1ee7i ro m\u00e0 doanh nghi\u1ec7p c\u1ee7a b\u1ea1n c\u00f3 th\u1ec3 \u0111\u1ed1i m\u1eb7t. Khi ch\u00fang t\u00f4i \u0111\u1ea1t \u0111\u01b0\u1ee3c m\u1ed9t s\u1ef1 \u0111\u1ed3ng thu\u1eadn v\u1ec1 c\u00e1c r\u1ee7i ro, ch\u00fang t\u00f4i c\u00f3 th\u1ec3 th\u1ea3o lu\u1eadn v\u1ec1 c\u00e1c chi\u1ebfn l\u01b0\u1ee3c \u1ee9ng ph\u00f3 v\u1edbi r\u1ee7i ro v\u00e0 gi\u1ea3i ph\u00e1p b\u1ea3o hi\u1ec3m ph\u00f9 h\u1ee3p nh\u1ea5t cho doanh nghi\u1ec7p c\u1ee7a b\u1ea1n. REDYSURE cung c\u1ea5p d\u1ecbch v\u1ee5 v\u00e0 t\u00ecm ki\u1ebfm c\u00e1c s\u1ea3n ph\u1ea9m b\u1ea3o hi\u1ec3m ph\u00f9 h\u1ee3p cho t\u1eebng kh\u00e1ch h\u00e0ng, v\u00e0 lu\u00f4n \u0111\u1ea3m b\u1ea3o r\u1eb1ng ch\u00fang t\u00f4i cung c\u1ea5p c\u00e1c gi\u00e1 tr\u1ecb v\u00e0 k\u1ebft qu\u1ea3 t\u1ed1t nh\u1ea5t cho t\u1ea5t c\u1ea3 kh\u00e1ch h\u00e0ng.<\/p>\n<p><audio style=\"display: none;\" controls=\"controls\"><\/audio><\/p>\n<p><audio style=\"display: none;\" controls=\"controls\"><\/audio><\/p>\n<p><audio style=\"display: none;\" controls=\"controls\"><\/audio><\/p>\n<p><audio style=\"display: none;\" controls=\"controls\"><\/audio><\/p>\n<\/div><div class=\"fusion-sep-clear\"><\/div><div class=\"fusion-separator fusion-full-width-sep\" style=\"margin-left: auto;margin-right: auto;margin-top:30px;width:100%;\"><\/div><div class=\"fusion-sep-clear\"><\/div><div class=\"fusion-text fusion-text-6\"><h4>D\u1ecaCH V\u1ee4 CHUY\u00caN NGHI\u1ec6P<\/h4>\n<p>Ch\u00fang t\u00f4i t\u1ef1 h\u00e0o l\u00e0 c\u00e1c chuy\u00ean vi\u00ean m\u00f4i gi\u1edbi v\u00e0 t\u01b0 v\u1ea5n b\u1ea3o hi\u1ec3m ch\u1ea5t l\u01b0\u1ee3ng, chuy\u00ean cung c\u1ea5p c\u00e1c d\u1ecbch v\u1ee5 v\u00e0 gi\u1ea3i ph\u00e1p tuy\u1ec7t v\u1eddi qua s\u1ef1 h\u1ee3p t\u00e1c li\u00ean t\u1ee5c v\u1edbi kh\u00e1ch h\u00e0ng. Ch\u00fang t\u00f4i r\u1ea5t vui khi c\u00f3 th\u1ec3 gi\u1edbi thi\u1ec7u cho b\u1ea1n c\u00e1ch REDYSURE th\u1ef1c s\u1ef1 c\u00f3 th\u1ec3 mang \u0111\u1ebfn c\u00e1c thay \u0111\u1ed5i t\u00edch c\u1ef1c v\u00e0 th\u00e0nh c\u00f4ng cho doanh nghi\u1ec7p c\u1ee7a b\u1ea1n.<\/p>\n<ul>\n<li>B\u1ea3o hi\u1ec3m doanh nghi\u1ec7p<\/li>\n<li>B\u1ea3o hi\u1ec3m tr\u00e1ch nhi\u1ec7m ngh\u1ec1 nghi\u1ec7p\/ nghi\u1ec7p v\u1ee5<\/li>\n<li>B\u1ea3o hi\u1ec3m ch\u1ee7 ph\u1ed1<\/li>\n<li>B\u1ea3o hi\u1ec3m nh\u00e0 cho thu\u00ea<\/li>\n<li>B\u1ea3o hi\u1ec3m cho t\u00f2a nh\u00e0\/ khu c\u0103n h\u1ed9 chung c\u01b0<\/li>\n<li>B\u1ea3o hi\u1ec3m cho c\u00e1c d\u1ef1 \u00e1n x\u00e2y d\u1ef1ng, ch\u1ee7 nh\u00e0 x\u00e2y m\u1edbi v\u00e0 b\u1ea3o h\u00e0nh c\u1ee7a nh\u00e0 th\u1ea7u<\/li>\n<li>B\u1ea3o hi\u1ec3m xu\u1ea5t nh\u1eadp kh\u1ea9u<\/li>\n<li>B\u1ea3o hi\u1ec3m h\u00e0ng h\u1ea3i<\/li>\n<li>B\u1ea3o hi\u1ec3m xe th\u01b0\u01a1ng m\u1ea1i\/ c\u00e1c ph\u01b0\u01a1ng ti\u1ec7n giao th\u00f4ng th\u01b0\u01a1ng m\u1ea1i<\/li>\n<li>B\u1ea3o hi\u1ec3m tr\u00e1ch nhi\u1ec7m d\u00e2n s\u1ef1\/ tr\u00e1ch nhi\u1ec7m c\u1ed9ng \u0111\u1ed3ng\/ tr\u00e1ch nhi\u1ec7m s\u1ea3n ph\u1ea9m<\/li>\n<li>B\u1ea3o hi\u1ec3m tai n\u1ea1n c\u00e1 nh\u00e2n<\/li>\n<li>B\u1ea3o hi\u1ec3m nh\u00e0 c\u1eeda v\u00e0 t\u00e0i s\u1ea3n trong nh\u00e0<\/li>\n<li>B\u1ea3o hi\u1ec3m xe h\u01a1i, t\u00e0u thuy\u1ec1n v\u00e0 m\u00e1y bay t\u01b0 nh\u00e2n<\/li>\n<li>V\u00e0 c\u00e1c s\u1ea3n ph\u1ea9m b\u1ea3o hi\u1ec3m kh\u00e1c<\/li>\n<\/ul>\n<p><audio style=\"display: none;\" controls=\"controls\"><\/audio><\/p>\n<p><audio style=\"display: none;\" controls=\"controls\"><\/audio><\/p>\n<p><audio style=\"display: none;\" controls=\"controls\"><\/audio><\/p>\n<p><audio style=\"display: none;\" controls=\"controls\"><\/audio><\/p>\n<\/div><div class=\"fusion-clearfix\"><\/div><\/div><\/div><\/div><div class=\"fusion-builder-row fusion-row\"><\/div><\/div>\n","protected":false},"excerpt":{"rendered":"","protected":false},"author":4,"featured_media":0,"parent":0,"menu_order":0,"comment_status":"closed","ping_status":"closed","template":"","meta":{"inline_featured_image":false},"yoast_head":"<!-- This site is optimized with the Yoast SEO plugin v20.6 - https:\/\/yoast.com\/wordpress\/plugins\/seo\/ -->\n<title>Vietnamese - REDYSURE<\/title>\n<meta name=\"robots\" content=\"index, follow, max-snippet:-1, max-image-preview:large, max-video-preview:-1\" \/>\n<link rel=\"canonical\" href=\"https:\/\/redysure.com\/staging01\/vietnamese\/\" \/>\n<meta property=\"og:locale\" content=\"en_US\" \/>\n<meta property=\"og:type\" content=\"article\" \/>\n<meta property=\"og:title\" content=\"Vietnamese - REDYSURE\" \/>\n<meta property=\"og:url\" content=\"https:\/\/redysure.com\/staging01\/vietnamese\/\" \/>\n<meta property=\"og:site_name\" content=\"REDYSURE\" \/>\n<meta property=\"article:modified_time\" content=\"2023-05-06T09:46:05+00:00\" \/>\n<meta name=\"twitter:card\" content=\"summary_large_image\" \/>\n<meta name=\"twitter:label1\" content=\"Est. reading time\" \/>\n\t<meta name=\"twitter:data1\" content=\"4 minutes\" \/>\n<script type=\"application\/ld+json\" class=\"yoast-schema-graph\">{\"@context\":\"https:\/\/schema.org\",\"@graph\":[{\"@type\":\"WebPage\",\"@id\":\"https:\/\/redysure.com\/staging01\/vietnamese\/\",\"url\":\"https:\/\/redysure.com\/staging01\/vietnamese\/\",\"name\":\"Vietnamese - REDYSURE\",\"isPartOf\":{\"@id\":\"https:\/\/redysure.com\/staging01\/#website\"},\"datePublished\":\"2023-05-03T13:11:48+00:00\",\"dateModified\":\"2023-05-06T09:46:05+00:00\",\"breadcrumb\":{\"@id\":\"https:\/\/redysure.com\/staging01\/vietnamese\/#breadcrumb\"},\"inLanguage\":\"en-US\",\"potentialAction\":[{\"@type\":\"ReadAction\",\"target\":[\"https:\/\/redysure.com\/staging01\/vietnamese\/\"]}]},{\"@type\":\"BreadcrumbList\",\"@id\":\"https:\/\/redysure.com\/staging01\/vietnamese\/#breadcrumb\",\"itemListElement\":[{\"@type\":\"ListItem\",\"position\":1,\"name\":\"Home\",\"item\":\"https:\/\/redysure.com\/staging01\/\"},{\"@type\":\"ListItem\",\"position\":2,\"name\":\"Vietnamese\"}]},{\"@type\":\"WebSite\",\"@id\":\"https:\/\/redysure.com\/staging01\/#website\",\"url\":\"https:\/\/redysure.com\/staging01\/\",\"name\":\"REDYSURE\",\"description\":\"Insurance and Risk Solutions\",\"potentialAction\":[{\"@type\":\"SearchAction\",\"target\":{\"@type\":\"EntryPoint\",\"urlTemplate\":\"https:\/\/redysure.com\/staging01\/?s={search_term_string}\"},\"query-input\":\"required name=search_term_string\"}],\"inLanguage\":\"en-US\"}]}<\/script>\n<!-- \/ Yoast SEO plugin. -->","yoast_head_json":{"title":"Vietnamese - REDYSURE","robots":{"index":"index","follow":"follow","max-snippet":"max-snippet:-1","max-image-preview":"max-image-preview:large","max-video-preview":"max-video-preview:-1"},"canonical":"https:\/\/redysure.com\/staging01\/vietnamese\/","og_locale":"en_US","og_type":"article","og_title":"Vietnamese - REDYSURE","og_url":"https:\/\/redysure.com\/staging01\/vietnamese\/","og_site_name":"REDYSURE","article_modified_time":"2023-05-06T09:46:05+00:00","twitter_card":"summary_large_image","twitter_misc":{"Est. reading time":"4 minutes"},"schema":{"@context":"https:\/\/schema.org","@graph":[{"@type":"WebPage","@id":"https:\/\/redysure.com\/staging01\/vietnamese\/","url":"https:\/\/redysure.com\/staging01\/vietnamese\/","name":"Vietnamese - REDYSURE","isPartOf":{"@id":"https:\/\/redysure.com\/staging01\/#website"},"datePublished":"2023-05-03T13:11:48+00:00","dateModified":"2023-05-06T09:46:05+00:00","breadcrumb":{"@id":"https:\/\/redysure.com\/staging01\/vietnamese\/#breadcrumb"},"inLanguage":"en-US","potentialAction":[{"@type":"ReadAction","target":["https:\/\/redysure.com\/staging01\/vietnamese\/"]}]},{"@type":"BreadcrumbList","@id":"https:\/\/redysure.com\/staging01\/vietnamese\/#breadcrumb","itemListElement":[{"@type":"ListItem","position":1,"name":"Home","item":"https:\/\/redysure.com\/staging01\/"},{"@type":"ListItem","position":2,"name":"Vietnamese"}]},{"@type":"WebSite","@id":"https:\/\/redysure.com\/staging01\/#website","url":"https:\/\/redysure.com\/staging01\/","name":"REDYSURE","description":"Insurance and Risk Solutions","potentialAction":[{"@type":"SearchAction","target":{"@type":"EntryPoint","urlTemplate":"https:\/\/redysure.com\/staging01\/?s={search_term_string}"},"query-input":"required name=search_term_string"}],"inLanguage":"en-US"}]}},"_links":{"self":[{"href":"https:\/\/redysure.com\/staging01\/wp-json\/wp\/v2\/pages\/2186"}],"collection":[{"href":"https:\/\/redysure.com\/staging01\/wp-json\/wp\/v2\/pages"}],"about":[{"href":"https:\/\/redysure.com\/staging01\/wp-json\/wp\/v2\/types\/page"}],"author":[{"embeddable":true,"href":"https:\/\/redysure.com\/staging01\/wp-json\/wp\/v2\/users\/4"}],"replies":[{"embeddable":true,"href":"https:\/\/redysure.com\/staging01\/wp-json\/wp\/v2\/comments?post=2186"}],"version-history":[{"count":16,"href":"https:\/\/redysure.com\/staging01\/wp-json\/wp\/v2\/pages\/2186\/revisions"}],"predecessor-version":[{"id":2216,"href":"https:\/\/redysure.com\/staging01\/wp-json\/wp\/v2\/pages\/2186\/revisions\/2216"}],"wp:attachment":[{"href":"https:\/\/redysure.com\/staging01\/wp-json\/wp\/v2\/media?parent=2186"}],"curies":[{"name":"wp","href":"https:\/\/api.w.org\/{rel}","templated":true}]}}